{"id":319,"date":"2010-06-09T13:00:34","date_gmt":"2010-06-09T13:00:34","guid":{"rendered":"http:\/\/rogerkluge.bildernetz.info\/?page_id=319"},"modified":"2024-12-09T17:54:29","modified_gmt":"2024-12-09T16:54:29","slug":"kontakt","status":"publish","type":"page","link":"https:\/\/rogerkluge.de\/?page_id=319","title":{"rendered":"Impressum\/Kontakt"},"content":{"rendered":"<p>F\u00fcr den Inhalt dieser Seite ist verantwortlich:<\/p>\n<p>Roger Kluge<br \/>\nLindenstra\u00dfe 3<br \/>\n06722 Droy\u00dfig<\/p>\n<p>roger-kluge@gmx.net<\/p>\n<p><strong><br \/>\nExterne Seiten<\/strong><\/p>\n<p>F\u00fcr Inhalte extern verlinkter Seiten sind die jeweiligen Betreiber der Seiten verantwortlich.<\/p>\n<p><!-- \n\n<hr \/>\n\n\n\nSie k\u00f6nnen mich auch \u00fcber folgendes Kontaktformular erreichen:\n\n[contact-form-7 id=\"1295\" title=\"Kontaktformular 1\"]\n--><\/p>\n","protected":false},"excerpt":{"rendered":"<p>F\u00fcr den Inhalt dieser Seite ist verantwortlich: Roger Kluge Lindenstra\u00dfe 3 06722 Droy\u00dfig roger-kluge@gmx.net Externe Seiten F\u00fcr Inhalte extern verlinkter Seiten sind die jeweiligen Betreiber der Seiten verantwortlich.<\/p>\n","protected":false},"author":1,"featured_media":0,"parent":0,"menu_order":11,"comment_status":"closed","ping_status":"closed","template":"","meta":{"ngg_post_thumbnail":0,"footnotes":""},"categories":[237],"tags":[],"class_list":["post-319","page","type-page","status-publish","hentry","category-texte"],"_links":{"self":[{"href":"https:\/\/rogerkluge.de\/index.php?rest_route=\/wp\/v2\/pages\/319","targetHints":{"allow":["GET"]}}],"collection":[{"href":"https:\/\/rogerkluge.de\/index.php?rest_route=\/wp\/v2\/pages"}],"about":[{"href":"https:\/\/rogerkluge.de\/index.php?rest_route=\/wp\/v2\/types\/page"}],"author":[{"embeddable":true,"href":"https:\/\/rogerkluge.de\/index.php?rest_route=\/wp\/v2\/users\/1"}],"replies":[{"embeddable":true,"href":"https:\/\/rogerkluge.de\/index.php?rest_route=%2Fwp%2Fv2%2Fcomments&post=319"}],"version-history":[{"count":9,"href":"https:\/\/rogerkluge.de\/index.php?rest_route=\/wp\/v2\/pages\/319\/revisions"}],"predecessor-version":[{"id":4363,"href":"https:\/\/rogerkluge.de\/index.php?rest_route=\/wp\/v2\/pages\/319\/revisions\/4363"}],"wp:attachment":[{"href":"https:\/\/rogerkluge.de\/index.php?rest_route=%2Fwp%2Fv2%2Fmedia&parent=319"}],"wp:term":[{"taxonomy":"category","embeddable":true,"href":"https:\/\/rogerkluge.de\/index.php?rest_route=%2Fwp%2Fv2%2Fcategories&post=319"},{"taxonomy":"post_tag","embeddable":true,"href":"https:\/\/rogerkluge.de\/index.php?rest_route=%2Fwp%2Fv2%2Ftags&post=319"}],"curies":[{"name":"wp","href":"https:\/\/api.w.org\/{rel}","templated":true}]}}